{"id":130,"date":"2024-04-17T23:48:13","date_gmt":"2024-04-17T23:48:13","guid":{"rendered":"https:\/\/spimedical.com.mx\/?page_id=130"},"modified":"2025-11-18T23:47:13","modified_gmt":"2025-11-18T23:47:13","slug":"contacto","status":"publish","type":"page","link":"https:\/\/spimedical.com.mx\/en\/contacto\/","title":{"rendered":"Contact"},"content":{"rendered":"<div class=\"wpcf7 no-js\" id=\"wpcf7-f269-o1\" lang=\"es-MX\" dir=\"ltr\" data-wpcf7-id=\"269\">\n<div class=\"screen-reader-response\"><p role=\"status\" aria-live=\"polite\" aria-atomic=\"true\"><\/p> <ul><\/ul><\/div>\n<form action=\"\/en\/wp-json\/wp\/v2\/pages\/130#wpcf7-f269-o1\" method=\"post\" class=\"wpcf7-form init\" aria-label=\"Formulario de contacto\" novalidate=\"novalidate\" data-status=\"init\" data-trp-original-action=\"\/en\/wp-json\/wp\/v2\/pages\/130#wpcf7-f269-o1\">\n<fieldset class=\"hidden-fields-container\"><input type=\"hidden\" name=\"_wpcf7\" value=\"269\" \/><input type=\"hidden\" name=\"_wpcf7_version\" value=\"6.1.5\" \/><input type=\"hidden\" name=\"_wpcf7_locale\" value=\"es_MX\" \/><input type=\"hidden\" name=\"_wpcf7_unit_tag\" value=\"wpcf7-f269-o1\" \/><input type=\"hidden\" name=\"_wpcf7_container_post\" value=\"0\" \/><input type=\"hidden\" name=\"_wpcf7_posted_data_hash\" value=\"\" \/>\n<\/fieldset>\n<div class=\"form-medicos\">\n\t<div class=\"form-row\">\n\t\t<p><label> Nombre completo<br \/>\n<span class=\"wpcf7-form-control-wrap\" data-name=\"your-name\"><input size=\"40\" maxlength=\"400\" class=\"wpcf7-form-control wpcf7-text wpcf7-validates-as-required input-full\" autocomplete=\"name\" aria-required=\"true\" aria-invalid=\"false\" value=\"\" type=\"text\" name=\"your-name\" \/><\/span><br \/>\n<\/label>\n\t\t<\/p>\n\t<\/div>\n\t<div class=\"form-row form-row-2\">\n\t\t<div class=\"form-col\">\n\t\t\t<p><label> G\u00e9nero<br \/>\n<span class=\"wpcf7-form-control-wrap\" data-name=\"gender\"><select class=\"wpcf7-form-control wpcf7-select wpcf7-validates-as-required input-select\" aria-required=\"true\" aria-invalid=\"false\" name=\"gender\"><option value=\"No especificado\">No especificado<\/option><option value=\"Masculino\">Masculino<\/option><option value=\"Femenino\">Femenino<\/option><option value=\"Transg\u00e9nero\">Transg\u00e9nero<\/option><option value=\"Transexual\">Transexual<\/option><option value=\"Travesti\">Travesti<\/option><option value=\"Intersexual\">Intersexual<\/option><option value=\"Otro\">Otro<\/option><\/select><\/span><br \/>\n<\/label>\n\t\t\t<\/p>\n\t\t<\/div>\n\t\t<div class=\"form-col\">\n\t\t\t<p><label> Edad<br \/>\n<span class=\"wpcf7-form-control-wrap\" data-name=\"age\"><input class=\"wpcf7-form-control wpcf7-number wpcf7-validates-as-required wpcf7-validates-as-number input-short\" min=\"0\" max=\"120\" aria-required=\"true\" aria-invalid=\"false\" value=\"\" type=\"number\" name=\"age\" \/><\/span><br \/>\n<\/label>\n\t\t\t<\/p>\n\t\t<\/div>\n\t<\/div>\n\t<div class=\"form-row\">\n\t\t<p><label> Fecha exacta de nacimiento<br \/>\n<span class=\"wpcf7-form-control-wrap\" data-name=\"birthdate\"><input class=\"wpcf7-form-control wpcf7-date wpcf7-validates-as-required wpcf7-validates-as-date input-short\" aria-required=\"true\" aria-invalid=\"false\" value=\"\" type=\"date\" name=\"birthdate\" \/><\/span><br \/>\n<\/label>\n\t\t<\/p>\n\t<\/div>\n\t<div class=\"form-row\">\n\t\t<p><label> N\u00famero de c\u00e9dula profesional como m\u00e9dico general<br \/>\n<span class=\"wpcf7-form-control-wrap\" data-name=\"cedula-general\"><input size=\"40\" maxlength=\"400\" class=\"wpcf7-form-control wpcf7-text input-full\" aria-invalid=\"false\" value=\"\" type=\"text\" name=\"cedula-general\" \/><\/span><br \/>\n<\/label>\n\t\t<\/p>\n\t<\/div>\n\t<div class=\"form-row\">\n\t\t<p><label> N\u00famero de c\u00e9dula profesional como especialista y especialidades que ejerce<br \/>\n<span class=\"wpcf7-form-control-wrap\" data-name=\"cedula-especialista\"><input size=\"40\" maxlength=\"400\" class=\"wpcf7-form-control wpcf7-text input-textarea\" aria-invalid=\"false\" value=\"\" type=\"text\" name=\"cedula-especialista\" \/><\/span><br \/>\n<\/label>\n\t\t<\/p>\n\t<\/div>\n\t<div class=\"form-row\">\n\t\t<p><label> N\u00famero de c\u00e9dula profesional de Maestr\u00eda y\/o Doctorado y en qu\u00e9 \u00e1rea<br \/>\n<span class=\"wpcf7-form-control-wrap\" data-name=\"cedula-posgrado\"><input size=\"40\" maxlength=\"400\" class=\"wpcf7-form-control wpcf7-text input-textarea\" aria-invalid=\"false\" value=\"\" type=\"text\" name=\"cedula-posgrado\" \/><\/span><br \/>\n<\/label>\n\t\t<\/p>\n\t<\/div>\n\t<div class=\"form-row\">\n\t\t<p><label> \u00bfEjerce en alguna instituci\u00f3n de salud p\u00fablica? \u00bfEn cu\u00e1l y desde cu\u00e1ndo?<br \/>\n<span class=\"wpcf7-form-control-wrap\" data-name=\"institucion-publica\"><input size=\"40\" maxlength=\"400\" class=\"wpcf7-form-control wpcf7-text input-textarea\" aria-invalid=\"false\" value=\"\" type=\"text\" name=\"institucion-publica\" \/><\/span><br \/>\n<\/label>\n\t\t<\/p>\n\t<\/div>\n\t<div class=\"form-row\">\n\t\t<p><label> \u00bfEjerce en alguna instituci\u00f3n del sector privado? \u00bfEn cu\u00e1l y desde cu\u00e1ndo?<br \/>\n<span class=\"wpcf7-form-control-wrap\" data-name=\"institucion-privada\"><input size=\"40\" maxlength=\"400\" class=\"wpcf7-form-control wpcf7-text input-textarea\" aria-invalid=\"false\" value=\"\" type=\"text\" name=\"institucion-privada\" \/><\/span><br \/>\n<\/label>\n\t\t<\/p>\n\t<\/div>\n\t<div class=\"form-row\">\n\t\t<p><label> Direcci\u00f3n de su consultorio<br \/>\n<span class=\"wpcf7-form-control-wrap\" data-name=\"direccion-consultorio\"><input size=\"40\" maxlength=\"400\" class=\"wpcf7-form-control wpcf7-text input-textarea\" aria-invalid=\"false\" value=\"\" type=\"text\" name=\"direccion-consultorio\" \/><\/span><br \/>\n<\/label>\n\t\t<\/p>\n\t<\/div>\n\t<div class=\"form-row form-row-2\">\n\t\t<div class=\"form-col\">\n\t\t\t<p><label> Tel\u00e9fono de su consultorio<br \/>\n<span class=\"wpcf7-form-control-wrap\" data-name=\"tel-274\"><input size=\"40\" maxlength=\"10\" minlength=\"10\" class=\"wpcf7-form-control wpcf7-tel wpcf7-validates-as-required wpcf7-text wpcf7-validates-as-tel input-short\" aria-required=\"true\" aria-invalid=\"false\" value=\"\" type=\"tel\" name=\"tel-274\" \/><\/span><br \/>\n<\/label>\n\t\t\t<\/p>\n\t\t<\/div>\n\t\t<div class=\"form-col\">\n\t\t\t<p><label> N\u00famero de tel\u00e9fono celular<br \/>\n<span class=\"wpcf7-form-control-wrap\" data-name=\"celular\"><input size=\"40\" maxlength=\"10\" minlength=\"10\" class=\"wpcf7-form-control wpcf7-tel wpcf7-validates-as-required wpcf7-text wpcf7-validates-as-tel input-short\" aria-required=\"true\" aria-invalid=\"false\" value=\"\" type=\"tel\" name=\"celular\" \/><\/span><br \/>\n<\/label>\n\t\t\t<\/p>\n\t\t<\/div>\n\t<\/div>\n\t<div class=\"form-row\">\n\t\t<p><label> Correo electr\u00f3nico que utiliza<br \/>\n<span class=\"wpcf7-form-control-wrap\" data-name=\"your-email\"><input size=\"40\" maxlength=\"400\" class=\"wpcf7-form-control wpcf7-email wpcf7-validates-as-required wpcf7-text wpcf7-validates-as-email input-full\" autocomplete=\"email\" aria-required=\"true\" aria-invalid=\"false\" value=\"\" type=\"email\" name=\"your-email\" \/><\/span><br \/>\n<\/label>\n\t\t<\/p>\n\t<\/div>\n\t<div class=\"form-row form-actions\">\n\t\t<p><input class=\"wpcf7-form-control wpcf7-submit has-spinner\" type=\"submit\" value=\"SEND\" \/>\n\t\t<\/p>\n\t<\/div>\n<\/div><div class=\"wpcf7-response-output\" aria-hidden=\"true\"><\/div>\n<input type=\"hidden\" name=\"trp-form-language\" value=\"en\"\/><\/form>\n<\/div>\n\n\n\n\n<p><\/p>","protected":false},"excerpt":{"rendered":"","protected":false},"author":1,"featured_media":0,"parent":0,"menu_order":0,"comment_status":"closed","ping_status":"closed","template":"wp-custom-template-contacto","meta":{"_coblocks_attr":"","_coblocks_dimensions":"","_coblocks_responsive_height":"","_coblocks_accordion_ie_support":"","_uag_custom_page_level_css":"","footnotes":""},"class_list":["post-130","page","type-page","status-publish","hentry"],"yoast_head":"<!-- This site is optimized with the Yoast SEO plugin v27.4 - https:\/\/yoast.com\/product\/yoast-seo-wordpress\/ -->\n<title>Contacto - SPI MEDICAL<\/title>\n<meta name=\"robots\" content=\"index, follow, max-snippet:-1, max-image-preview:large, max-video-preview:-1\" \/>\n<link rel=\"canonical\" href=\"https:\/\/spimedical.com.mx\/en\/contacto\/\" \/>\n<meta property=\"og:locale\" content=\"en_US\" \/>\n<meta property=\"og:type\" content=\"article\" \/>\n<meta property=\"og:title\" content=\"Contacto - SPI MEDICAL\" \/>\n<meta property=\"og:url\" content=\"https:\/\/spimedical.com.mx\/en\/contacto\/\" \/>\n<meta property=\"og:site_name\" content=\"SPI MEDICAL\" \/>\n<meta property=\"article:modified_time\" content=\"2025-11-18T23:47:13+00:00\" \/>\n<meta name=\"twitter:card\" content=\"summary_large_image\" \/>\n<meta name=\"twitter:label1\" content=\"Est. reading time\" \/>\n\t<meta name=\"twitter:data1\" content=\"1 minute\" \/>\n<script type=\"application\/ld+json\" class=\"yoast-schema-graph\">{\"@context\":\"https:\\\/\\\/schema.org\",\"@graph\":[{\"@type\":\"WebPage\",\"@id\":\"https:\\\/\\\/spimedical.com.mx\\\/contacto\\\/\",\"url\":\"https:\\\/\\\/spimedical.com.mx\\\/contacto\\\/\",\"name\":\"Contacto - SPI MEDICAL\",\"isPartOf\":{\"@id\":\"https:\\\/\\\/spimedical.com.mx\\\/#website\"},\"datePublished\":\"2024-04-17T23:48:13+00:00\",\"dateModified\":\"2025-11-18T23:47:13+00:00\",\"breadcrumb\":{\"@id\":\"https:\\\/\\\/spimedical.com.mx\\\/contacto\\\/#breadcrumb\"},\"inLanguage\":\"en-US\",\"potentialAction\":[{\"@type\":\"ReadAction\",\"target\":[\"https:\\\/\\\/spimedical.com.mx\\\/contacto\\\/\"]}]},{\"@type\":\"BreadcrumbList\",\"@id\":\"https:\\\/\\\/spimedical.com.mx\\\/contacto\\\/#breadcrumb\",\"itemListElement\":[{\"@type\":\"ListItem\",\"position\":1,\"name\":\"Home\",\"item\":\"https:\\\/\\\/spimedical.com.mx\\\/\"},{\"@type\":\"ListItem\",\"position\":2,\"name\":\"Contacto\"}]},{\"@type\":\"WebSite\",\"@id\":\"https:\\\/\\\/spimedical.com.mx\\\/#website\",\"url\":\"https:\\\/\\\/spimedical.com.mx\\\/\",\"name\":\"SPI MEDICAL\",\"description\":\"\",\"publisher\":{\"@id\":\"https:\\\/\\\/spimedical.com.mx\\\/#organization\"},\"potentialAction\":[{\"@type\":\"SearchAction\",\"target\":{\"@type\":\"EntryPoint\",\"urlTemplate\":\"https:\\\/\\\/spimedical.com.mx\\\/?s={search_term_string}\"},\"query-input\":{\"@type\":\"PropertyValueSpecification\",\"valueRequired\":true,\"valueName\":\"search_term_string\"}}],\"inLanguage\":\"en-US\"},{\"@type\":\"Organization\",\"@id\":\"https:\\\/\\\/spimedical.com.mx\\\/#organization\",\"name\":\"SPI MEDICAL\",\"url\":\"https:\\\/\\\/spimedical.com.mx\\\/\",\"logo\":{\"@type\":\"ImageObject\",\"inLanguage\":\"en-US\",\"@id\":\"https:\\\/\\\/spimedical.com.mx\\\/#\\\/schema\\\/logo\\\/image\\\/\",\"url\":\"https:\\\/\\\/spimedical.com.mx\\\/wp-content\\\/uploads\\\/2024\\\/04\\\/Logo1.png\",\"contentUrl\":\"https:\\\/\\\/spimedical.com.mx\\\/wp-content\\\/uploads\\\/2024\\\/04\\\/Logo1.png\",\"width\":960,\"height\":928,\"caption\":\"SPI MEDICAL\"},\"image\":{\"@id\":\"https:\\\/\\\/spimedical.com.mx\\\/#\\\/schema\\\/logo\\\/image\\\/\"}}]}<\/script>\n<!-- \/ Yoast SEO plugin. -->","yoast_head_json":{"title":"Contacto - SPI MEDICAL","robots":{"index":"index","follow":"follow","max-snippet":"max-snippet:-1","max-image-preview":"max-image-preview:large","max-video-preview":"max-video-preview:-1"},"canonical":"https:\/\/spimedical.com.mx\/en\/contacto\/","og_locale":"en_US","og_type":"article","og_title":"Contacto - SPI MEDICAL","og_url":"https:\/\/spimedical.com.mx\/en\/contacto\/","og_site_name":"SPI MEDICAL","article_modified_time":"2025-11-18T23:47:13+00:00","twitter_card":"summary_large_image","twitter_misc":{"Est. reading time":"1 minute"},"schema":{"@context":"https:\/\/schema.org","@graph":[{"@type":"WebPage","@id":"https:\/\/spimedical.com.mx\/contacto\/","url":"https:\/\/spimedical.com.mx\/contacto\/","name":"Contacto - SPI MEDICAL","isPartOf":{"@id":"https:\/\/spimedical.com.mx\/#website"},"datePublished":"2024-04-17T23:48:13+00:00","dateModified":"2025-11-18T23:47:13+00:00","breadcrumb":{"@id":"https:\/\/spimedical.com.mx\/contacto\/#breadcrumb"},"inLanguage":"en-US","potentialAction":[{"@type":"ReadAction","target":["https:\/\/spimedical.com.mx\/contacto\/"]}]},{"@type":"BreadcrumbList","@id":"https:\/\/spimedical.com.mx\/contacto\/#breadcrumb","itemListElement":[{"@type":"ListItem","position":1,"name":"Home","item":"https:\/\/spimedical.com.mx\/"},{"@type":"ListItem","position":2,"name":"Contacto"}]},{"@type":"WebSite","@id":"https:\/\/spimedical.com.mx\/#website","url":"https:\/\/spimedical.com.mx\/","name":"SPI MEDICAL","description":"","publisher":{"@id":"https:\/\/spimedical.com.mx\/#organization"},"potentialAction":[{"@type":"SearchAction","target":{"@type":"EntryPoint","urlTemplate":"https:\/\/spimedical.com.mx\/?s={search_term_string}"},"query-input":{"@type":"PropertyValueSpecification","valueRequired":true,"valueName":"search_term_string"}}],"inLanguage":"en-US"},{"@type":"Organization","@id":"https:\/\/spimedical.com.mx\/#organization","name":"SPI MEDICAL","url":"https:\/\/spimedical.com.mx\/","logo":{"@type":"ImageObject","inLanguage":"en-US","@id":"https:\/\/spimedical.com.mx\/#\/schema\/logo\/image\/","url":"https:\/\/spimedical.com.mx\/wp-content\/uploads\/2024\/04\/Logo1.png","contentUrl":"https:\/\/spimedical.com.mx\/wp-content\/uploads\/2024\/04\/Logo1.png","width":960,"height":928,"caption":"SPI MEDICAL"},"image":{"@id":"https:\/\/spimedical.com.mx\/#\/schema\/logo\/image\/"}}]}},"uagb_featured_image_src":{"full":false,"thumbnail":false,"medium":false,"medium_large":false,"large":false,"1536x1536":false,"2048x2048":false,"trp-custom-language-flag":false},"uagb_author_info":{"display_name":"adminspimedical","author_link":"https:\/\/spimedical.com.mx\/en\/author\/adminspimedical\/"},"uagb_comment_info":0,"uagb_excerpt":null,"_links":{"self":[{"href":"https:\/\/spimedical.com.mx\/en\/wp-json\/wp\/v2\/pages\/130","targetHints":{"allow":["GET"]}}],"collection":[{"href":"https:\/\/spimedical.com.mx\/en\/wp-json\/wp\/v2\/pages"}],"about":[{"href":"https:\/\/spimedical.com.mx\/en\/wp-json\/wp\/v2\/types\/page"}],"author":[{"embeddable":true,"href":"https:\/\/spimedical.com.mx\/en\/wp-json\/wp\/v2\/users\/1"}],"replies":[{"embeddable":true,"href":"https:\/\/spimedical.com.mx\/en\/wp-json\/wp\/v2\/comments?post=130"}],"version-history":[{"count":2,"href":"https:\/\/spimedical.com.mx\/en\/wp-json\/wp\/v2\/pages\/130\/revisions"}],"predecessor-version":[{"id":339,"href":"https:\/\/spimedical.com.mx\/en\/wp-json\/wp\/v2\/pages\/130\/revisions\/339"}],"wp:attachment":[{"href":"https:\/\/spimedical.com.mx\/en\/wp-json\/wp\/v2\/media?parent=130"}],"curies":[{"name":"wp","href":"https:\/\/api.w.org\/{rel}","templated":true}]}}