{"id":16,"date":"2024-04-13T01:45:36","date_gmt":"2024-04-13T01:45:36","guid":{"rendered":"https:\/\/spimedical.com.mx\/inicio\/"},"modified":"2024-04-16T16:29:05","modified_gmt":"2024-04-16T16:29:05","slug":"inicio","status":"publish","type":"page","link":"https:\/\/spimedical.com.mx\/en\/","title":{"rendered":"Inicio"},"content":{"rendered":"<div class=\"wp-block-cover alignfull is-light is-style-default\" style=\"min-height:653px;aspect-ratio:unset;\"><span aria-hidden=\"true\" class=\"wp-block-cover__background has-primary-background-color has-background-dim\"><\/span><img loading=\"lazy\" decoding=\"async\" width=\"2000\" height=\"1800\" class=\"wp-block-cover__image-background wp-image-14\" alt=\"Descripci\u00f3n de la imagen\" src=\"https:\/\/spimedical.com.mx\/wp-content\/uploads\/2024\/04\/image-11.jpg\" data-object-fit=\"cover\" srcset=\"https:\/\/spimedical.com.mx\/wp-content\/uploads\/2024\/04\/image-11.jpg 2000w, https:\/\/spimedical.com.mx\/wp-content\/uploads\/2024\/04\/image-11-300x270.jpg 300w, https:\/\/spimedical.com.mx\/wp-content\/uploads\/2024\/04\/image-11-1024x922.jpg 1024w, https:\/\/spimedical.com.mx\/wp-content\/uploads\/2024\/04\/image-11-768x691.jpg 768w, https:\/\/spimedical.com.mx\/wp-content\/uploads\/2024\/04\/image-11-1536x1382.jpg 1536w\" sizes=\"auto, (max-width: 2000px) 100vw, 2000px\" \/><div class=\"wp-block-cover__inner-container is-layout-flow wp-block-cover-is-layout-flow\">\n<h1 class=\"wp-block-heading has-text-align-center has-quaternary-color has-text-color\">Dise\u00f1o galardonado de Alder Architecture<\/h1>\n\n\n\n<p class=\"has-text-align-center has-quaternary-color has-text-color\">Alder Architecture es una galardonada empresa de arquitectura dedicada a proporcionar un servicio centrado en el dise\u00f1o para proyectos comerciales.<\/p>\n\n\n\n<div class=\"wp-block-buttons is-horizontal is-content-justification-center is-layout-flex wp-container-core-buttons-is-layout-03627597 wp-block-buttons-is-layout-flex\">\n<div class=\"wp-block-button is-style-outline is-style-outline--1\"><a class=\"wp-block-button__link has-quaternary-color has-text-color wp-element-button\" href=\"https:\/\/spimedical.com.mx\/en\/contacto\/\">ver proyectos<\/a><\/div>\n<\/div>\n\n\n\n<div class=\"wp-block-uagb-buttons uagb-buttons__outer-wrap uagb-btn__default-btn uagb-btn-tablet__default-btn uagb-btn-mobile__default-btn uagb-block-b8b78ab7\"><div class=\"uagb-buttons__wrap uagb-buttons-layout-wrap\">\n<div class=\"wp-block-uagb-buttons-child uagb-buttons__outer-wrap uagb-block-d7995e4a wp-block-button\"><div class=\"uagb-button__wrapper\"><a class=\"uagb-buttons-repeater wp-block-button__link\" aria-label=\"\" href=\"#\" rel=\"follow noopener\" target=\"_self\"><div class=\"uagb-button__link\">Click Here<\/div><\/a><\/div><\/div>\n<\/div><\/div>\n\n\n\n<div class=\"wp-block-uagb-container uagb-block-1f71af5b alignfull uagb-is-root-container\"><div class=\"uagb-container-inner-blocks-wrap\"><\/div><\/div>\n<\/div><\/div>\n\n\n\n<div class=\"wp-block-columns alignwide is-layout-flex wp-container-core-columns-is-layout-28f84493 wp-block-columns-is-layout-flex\">\n<div class=\"wp-block-column is-layout-flow wp-block-column-is-layout-flow\"><div class=\"wp-block-coblocks-icon has-text-align-center\">\n\t\t\t\t<div class=\"wp-block-coblocks-icon__inner\" style=\"height: 60px; width: 60px;\">\n\t\t\t\t\t<svg fill=\"none\" viewbox=\"0 0 20 20\" xmlns=\"http:\/\/www.w3.org\/2000\/svg\"><path d=\"m9.99610362 17.0837787-7.42990299-5.7765731-1.63316728 1.2702412 9.07315155 7.0568956 9.0731515-7.0568956-1.6432485-1.2803225zm.01008128-2.560645 7.4198217-5.77657311 1.6533298-1.28032249-9.0731515-7.05689565-9.07315155 7.05689565 1.64324856 1.28032249z\" fill=\"currentColor\" \/><\/svg>\n\t\t\t\t<\/div>\n\t\t\t<\/div>\n\n\n<h4 class=\"wp-block-heading has-text-align-center\">Residencial<\/h4>\n\n\n\n<p class=\"has-text-align-center\">Nuestro proceso residencial combina m\u00faltiples disciplinas en una rica composici\u00f3n de espacios funcionales, completamente conectados, dise\u00f1ados para unir la experiencia del interior y el exterior.<\/p>\n\n\n\n<div class=\"wp-block-buttons is-content-justification-center is-layout-flex wp-container-core-buttons-is-layout-a89b3969 wp-block-buttons-is-layout-flex\">\n<div class=\"wp-block-button\"><a class=\"wp-block-button__link wp-element-button\" href=\"https:\/\/spimedical.com.mx\/en\/proyectos\/\">residencial<\/a><\/div>\n<\/div>\n<\/div>\n\n\n\n<div class=\"wp-block-column is-layout-flow wp-block-column-is-layout-flow\"><div class=\"wp-block-coblocks-icon has-text-align-center\">\n\t\t\t\t<div class=\"wp-block-coblocks-icon__inner\" style=\"height: 60px; width: 60px;\">\n\t\t\t\t\t<svg fill=\"none\" viewbox=\"0 0 20 20\" xmlns=\"http:\/\/www.w3.org\/2000\/svg\"><path d=\"m13.1578947 9.47368421v-6.31578947l-3.1578947-3.15789474-3.15789474 3.15789474v2.10526315h-6.31578947v14.73684211h18.94736841v-10.52631579zm-8.42105259 8.42105259h-2.10526316v-2.1052631h2.10526316zm0-4.2105263h-2.10526316v-2.1052631h2.10526316zm0-4.21052629h-2.10526316v-2.10526316h2.10526316zm6.31578949 8.42105259h-2.10526318v-2.1052631h2.10526318zm0-4.2105263h-2.10526318v-2.1052631h2.10526318zm0-4.21052629h-2.10526318v-2.10526316h2.10526318zm0-4.21052632h-2.10526318v-2.10526315h2.10526318zm6.3157895 12.63157891h-2.1052632v-2.1052631h2.1052632zm0-4.2105263h-2.1052632v-2.1052631h2.1052632z\" fill=\"currentColor\" \/><\/svg>\n\t\t\t\t<\/div>\n\t\t\t<\/div>\n\n\n<h4 class=\"wp-block-heading has-text-align-center\">Comercial<\/h4>\n\n\n\n<p class=\"has-text-align-center\">Nuestros servicios de dise\u00f1o comercial crean mejores experiencias para el usuario por medio de una clara y convincente funci\u00f3n medioambiental en desarrollos comerciales.<\/p>\n\n\n\n<div class=\"wp-block-buttons is-content-justification-center is-layout-flex wp-container-core-buttons-is-layout-a89b3969 wp-block-buttons-is-layout-flex\">\n<div class=\"wp-block-button\"><a class=\"wp-block-button__link wp-element-button\" href=\"https:\/\/spimedical.com.mx\/en\/proyectos\/\">comercial<\/a><\/div>\n<\/div>\n<\/div>\n<\/div>\n\n\n\n<div class=\"wp-block-cover alignwide is-light coblocks-animate\" data-coblocks-animation=\"fadeIn\"><span aria-hidden=\"true\" class=\"wp-block-cover__background has-primary-background-color has-background-dim\"><\/span><img loading=\"lazy\" decoding=\"async\" width=\"2000\" height=\"1800\" class=\"wp-block-cover__image-background wp-image-14\" alt=\"Descripci\u00f3n de la imagen\" src=\"https:\/\/spimedical.com.mx\/wp-content\/uploads\/2024\/04\/image-11.jpg\" style=\"object-position:75% 90%\" data-object-fit=\"cover\" data-object-position=\"75% 90%\" srcset=\"https:\/\/spimedical.com.mx\/wp-content\/uploads\/2024\/04\/image-11.jpg 2000w, https:\/\/spimedical.com.mx\/wp-content\/uploads\/2024\/04\/image-11-300x270.jpg 300w, https:\/\/spimedical.com.mx\/wp-content\/uploads\/2024\/04\/image-11-1024x922.jpg 1024w, https:\/\/spimedical.com.mx\/wp-content\/uploads\/2024\/04\/image-11-768x691.jpg 768w, https:\/\/spimedical.com.mx\/wp-content\/uploads\/2024\/04\/image-11-1536x1382.jpg 1536w\" sizes=\"auto, (max-width: 2000px) 100vw, 2000px\" \/><div class=\"wp-block-cover__inner-container is-layout-flow wp-block-cover-is-layout-flow\">\n<h3 class=\"wp-block-heading has-text-align-center has-quaternary-color has-text-color\">Construyamos algo bello<\/h3>\n\n\n\n<div class=\"wp-block-button is-style-outline aligncenter is-style-outline--2\"><a class=\"wp-block-button__link has-quaternary-color has-text-color wp-element-button\" href=\"https:\/\/spimedical.com.mx\/en\/contacto\/\">Cont\u00e1ctanos<\/a><\/div>\n<\/div><\/div>","protected":false},"excerpt":{"rendered":"<p>Residencial Nuestro proceso residencial combina m\u00faltiples disciplinas en una rica composici\u00f3n de espacios funcionales, completamente conectados, dise\u00f1ados para unir la experiencia del interior y el exterior. Comercial Nuestros servicios de dise\u00f1o comercial crean mejores experiencias para el usuario por medio de una clara y convincente funci\u00f3n medioambiental en desarrollos comerciales.<\/p>","protected":false},"author":1,"featured_media":0,"parent":0,"menu_order":0,"comment_status":"closed","ping_status":"closed","template":"","meta":{"_coblocks_attr":"","_coblocks_dimensions":"","_coblocks_responsive_height":"","_coblocks_accordion_ie_support":"","_uag_custom_page_level_css":"","footnotes":""},"class_list":["post-16","page","type-page","status-publish","hentry"],"yoast_head":"<!-- This site is optimized with the Yoast SEO plugin v27.5 - https:\/\/yoast.com\/product\/yoast-seo-wordpress\/ -->\n<title>Inicio - SPI MEDICAL<\/title>\n<meta name=\"robots\" content=\"index, follow, max-snippet:-1, max-image-preview:large, max-video-preview:-1\" \/>\n<link rel=\"canonical\" href=\"https:\/\/spimedical.com.mx\/en\/\" \/>\n<meta property=\"og:locale\" content=\"en_US\" \/>\n<meta property=\"og:type\" content=\"article\" \/>\n<meta property=\"og:title\" content=\"Inicio - SPI MEDICAL\" \/>\n<meta property=\"og:description\" content=\"Residencial Nuestro proceso residencial combina m\u00faltiples disciplinas en una rica composici\u00f3n de espacios funcionales, completamente conectados, dise\u00f1ados para unir la experiencia del interior y el exterior. Comercial Nuestros servicios de dise\u00f1o comercial crean mejores experiencias para el usuario por medio de una clara y convincente funci\u00f3n medioambiental en desarrollos comerciales.\" \/>\n<meta property=\"og:url\" content=\"https:\/\/spimedical.com.mx\/en\/\" \/>\n<meta property=\"og:site_name\" content=\"SPI MEDICAL\" \/>\n<meta property=\"article:modified_time\" content=\"2024-04-16T16:29:05+00:00\" \/>\n<meta property=\"og:image\" content=\"https:\/\/spimedical.com.mx\/wp-content\/uploads\/2024\/04\/image-11.jpg\" \/>\n<meta name=\"twitter:card\" content=\"summary_large_image\" \/>\n<meta name=\"twitter:label1\" content=\"Est. reading time\" \/>\n\t<meta name=\"twitter:data1\" content=\"1 minute\" \/>\n<script type=\"application\/ld+json\" class=\"yoast-schema-graph\">{\"@context\":\"https:\\\/\\\/schema.org\",\"@graph\":[{\"@type\":\"WebPage\",\"@id\":\"https:\\\/\\\/spimedical.com.mx\\\/\",\"url\":\"https:\\\/\\\/spimedical.com.mx\\\/\",\"name\":\"Inicio - SPI MEDICAL\",\"isPartOf\":{\"@id\":\"https:\\\/\\\/spimedical.com.mx\\\/#website\"},\"primaryImageOfPage\":{\"@id\":\"https:\\\/\\\/spimedical.com.mx\\\/#primaryimage\"},\"image\":{\"@id\":\"https:\\\/\\\/spimedical.com.mx\\\/#primaryimage\"},\"thumbnailUrl\":\"https:\\\/\\\/spimedical.com.mx\\\/wp-content\\\/uploads\\\/2024\\\/04\\\/image-11.jpg\",\"datePublished\":\"2024-04-13T01:45:36+00:00\",\"dateModified\":\"2024-04-16T16:29:05+00:00\",\"breadcrumb\":{\"@id\":\"https:\\\/\\\/spimedical.com.mx\\\/#breadcrumb\"},\"inLanguage\":\"en-US\",\"potentialAction\":[{\"@type\":\"ReadAction\",\"target\":[\"https:\\\/\\\/spimedical.com.mx\\\/\"]}]},{\"@type\":\"ImageObject\",\"inLanguage\":\"en-US\",\"@id\":\"https:\\\/\\\/spimedical.com.mx\\\/#primaryimage\",\"url\":\"https:\\\/\\\/spimedical.com.mx\\\/wp-content\\\/uploads\\\/2024\\\/04\\\/image-11.jpg\",\"contentUrl\":\"https:\\\/\\\/spimedical.com.mx\\\/wp-content\\\/uploads\\\/2024\\\/04\\\/image-11.jpg\"},{\"@type\":\"BreadcrumbList\",\"@id\":\"https:\\\/\\\/spimedical.com.mx\\\/#breadcrumb\",\"itemListElement\":[{\"@type\":\"ListItem\",\"position\":1,\"name\":\"Home\",\"item\":\"https:\\\/\\\/spimedical.com.mx\\\/\"},{\"@type\":\"ListItem\",\"position\":2,\"name\":\"Inicio\"}]},{\"@type\":\"WebSite\",\"@id\":\"https:\\\/\\\/spimedical.com.mx\\\/#website\",\"url\":\"https:\\\/\\\/spimedical.com.mx\\\/\",\"name\":\"SPI MEDICAL\",\"description\":\"\",\"publisher\":{\"@id\":\"https:\\\/\\\/spimedical.com.mx\\\/#organization\"},\"potentialAction\":[{\"@type\":\"SearchAction\",\"target\":{\"@type\":\"EntryPoint\",\"urlTemplate\":\"https:\\\/\\\/spimedical.com.mx\\\/?s={search_term_string}\"},\"query-input\":{\"@type\":\"PropertyValueSpecification\",\"valueRequired\":true,\"valueName\":\"search_term_string\"}}],\"inLanguage\":\"en-US\"},{\"@type\":\"Organization\",\"@id\":\"https:\\\/\\\/spimedical.com.mx\\\/#organization\",\"name\":\"SPI MEDICAL\",\"url\":\"https:\\\/\\\/spimedical.com.mx\\\/\",\"logo\":{\"@type\":\"ImageObject\",\"inLanguage\":\"en-US\",\"@id\":\"https:\\\/\\\/spimedical.com.mx\\\/#\\\/schema\\\/logo\\\/image\\\/\",\"url\":\"https:\\\/\\\/spimedical.com.mx\\\/wp-content\\\/uploads\\\/2024\\\/04\\\/Logo1.png\",\"contentUrl\":\"https:\\\/\\\/spimedical.com.mx\\\/wp-content\\\/uploads\\\/2024\\\/04\\\/Logo1.png\",\"width\":960,\"height\":928,\"caption\":\"SPI MEDICAL\"},\"image\":{\"@id\":\"https:\\\/\\\/spimedical.com.mx\\\/#\\\/schema\\\/logo\\\/image\\\/\"}}]}<\/script>\n<!-- \/ Yoast SEO plugin. -->","yoast_head_json":{"title":"Inicio - SPI MEDICAL","robots":{"index":"index","follow":"follow","max-snippet":"max-snippet:-1","max-image-preview":"max-image-preview:large","max-video-preview":"max-video-preview:-1"},"canonical":"https:\/\/spimedical.com.mx\/en\/","og_locale":"en_US","og_type":"article","og_title":"Inicio - SPI MEDICAL","og_description":"Residencial Nuestro proceso residencial combina m\u00faltiples disciplinas en una rica composici\u00f3n de espacios funcionales, completamente conectados, dise\u00f1ados para unir la experiencia del interior y el exterior. Comercial Nuestros servicios de dise\u00f1o comercial crean mejores experiencias para el usuario por medio de una clara y convincente funci\u00f3n medioambiental en desarrollos comerciales.","og_url":"https:\/\/spimedical.com.mx\/en\/","og_site_name":"SPI MEDICAL","article_modified_time":"2024-04-16T16:29:05+00:00","og_image":[{"url":"https:\/\/spimedical.com.mx\/wp-content\/uploads\/2024\/04\/image-11.jpg","type":"","width":"","height":""}],"twitter_card":"summary_large_image","twitter_misc":{"Est. reading time":"1 minute"},"schema":{"@context":"https:\/\/schema.org","@graph":[{"@type":"WebPage","@id":"https:\/\/spimedical.com.mx\/","url":"https:\/\/spimedical.com.mx\/","name":"Inicio - SPI MEDICAL","isPartOf":{"@id":"https:\/\/spimedical.com.mx\/#website"},"primaryImageOfPage":{"@id":"https:\/\/spimedical.com.mx\/#primaryimage"},"image":{"@id":"https:\/\/spimedical.com.mx\/#primaryimage"},"thumbnailUrl":"https:\/\/spimedical.com.mx\/wp-content\/uploads\/2024\/04\/image-11.jpg","datePublished":"2024-04-13T01:45:36+00:00","dateModified":"2024-04-16T16:29:05+00:00","breadcrumb":{"@id":"https:\/\/spimedical.com.mx\/#breadcrumb"},"inLanguage":"en-US","potentialAction":[{"@type":"ReadAction","target":["https:\/\/spimedical.com.mx\/"]}]},{"@type":"ImageObject","inLanguage":"en-US","@id":"https:\/\/spimedical.com.mx\/#primaryimage","url":"https:\/\/spimedical.com.mx\/wp-content\/uploads\/2024\/04\/image-11.jpg","contentUrl":"https:\/\/spimedical.com.mx\/wp-content\/uploads\/2024\/04\/image-11.jpg"},{"@type":"BreadcrumbList","@id":"https:\/\/spimedical.com.mx\/#breadcrumb","itemListElement":[{"@type":"ListItem","position":1,"name":"Home","item":"https:\/\/spimedical.com.mx\/"},{"@type":"ListItem","position":2,"name":"Inicio"}]},{"@type":"WebSite","@id":"https:\/\/spimedical.com.mx\/#website","url":"https:\/\/spimedical.com.mx\/","name":"SPI MEDICAL","description":"","publisher":{"@id":"https:\/\/spimedical.com.mx\/#organization"},"potentialAction":[{"@type":"SearchAction","target":{"@type":"EntryPoint","urlTemplate":"https:\/\/spimedical.com.mx\/?s={search_term_string}"},"query-input":{"@type":"PropertyValueSpecification","valueRequired":true,"valueName":"search_term_string"}}],"inLanguage":"en-US"},{"@type":"Organization","@id":"https:\/\/spimedical.com.mx\/#organization","name":"SPI MEDICAL","url":"https:\/\/spimedical.com.mx\/","logo":{"@type":"ImageObject","inLanguage":"en-US","@id":"https:\/\/spimedical.com.mx\/#\/schema\/logo\/image\/","url":"https:\/\/spimedical.com.mx\/wp-content\/uploads\/2024\/04\/Logo1.png","contentUrl":"https:\/\/spimedical.com.mx\/wp-content\/uploads\/2024\/04\/Logo1.png","width":960,"height":928,"caption":"SPI MEDICAL"},"image":{"@id":"https:\/\/spimedical.com.mx\/#\/schema\/logo\/image\/"}}]}},"uagb_featured_image_src":{"full":false,"thumbnail":false,"medium":false,"medium_large":false,"large":false,"1536x1536":false,"2048x2048":false,"trp-custom-language-flag":false},"uagb_author_info":{"display_name":"adminspimedical","author_link":"https:\/\/spimedical.com.mx\/en\/author\/adminspimedical\/"},"uagb_comment_info":0,"uagb_excerpt":"Residencial Nuestro proceso residencial combina m\u00faltiples disciplinas en una rica composici\u00f3n de espacios funcionales, completamente conectados, dise\u00f1ados para unir la experiencia del interior y el exterior. Comercial Nuestros servicios de dise\u00f1o comercial crean mejores experiencias para el usuario por medio de una clara y convincente funci\u00f3n medioambiental en desarrollos comerciales.","_links":{"self":[{"href":"https:\/\/spimedical.com.mx\/en\/wp-json\/wp\/v2\/pages\/16","targetHints":{"allow":["GET"]}}],"collection":[{"href":"https:\/\/spimedical.com.mx\/en\/wp-json\/wp\/v2\/pages"}],"about":[{"href":"https:\/\/spimedical.com.mx\/en\/wp-json\/wp\/v2\/types\/page"}],"author":[{"embeddable":true,"href":"https:\/\/spimedical.com.mx\/en\/wp-json\/wp\/v2\/users\/1"}],"replies":[{"embeddable":true,"href":"https:\/\/spimedical.com.mx\/en\/wp-json\/wp\/v2\/comments?post=16"}],"version-history":[{"count":3,"href":"https:\/\/spimedical.com.mx\/en\/wp-json\/wp\/v2\/pages\/16\/revisions"}],"predecessor-version":[{"id":65,"href":"https:\/\/spimedical.com.mx\/en\/wp-json\/wp\/v2\/pages\/16\/revisions\/65"}],"wp:attachment":[{"href":"https:\/\/spimedical.com.mx\/en\/wp-json\/wp\/v2\/media?parent=16"}],"curies":[{"name":"wp","href":"https:\/\/api.w.org\/{rel}","templated":true}]}}